{"id":2467,"date":"2018-05-25T11:49:01","date_gmt":"2018-05-25T09:49:01","guid":{"rendered":"http:\/\/zapfenstreiche.de\/?page_id=2467"},"modified":"2025-12-16T17:32:55","modified_gmt":"2025-12-16T16:32:55","slug":"impressum","status":"publish","type":"page","link":"https:\/\/zapfenstreiche.de\/index.php\/impressum\/","title":{"rendered":"Impressum \/ Datenschutz"},"content":{"rendered":"<p style=\"text-align: center;\">(c) Michael Szyszka, 2026<\/p>\n<h5 style=\"text-align: center;\">Alle Abbildungen der Website \u2013 www.zapfenstreiche.de \u2013 unterliegen dem<br \/>\nUrheberrecht. Jegliche Verwendung, ob f\u00fcr private oder kommerzielle Zwecke,<br \/>\nbedarf der schriftlichen Genehmigung.<\/h5>\n<h5 style=\"text-align: center;\">Illustrator IO e.V. +\u00a0VG Bild-Kunst-Urheber: 187 3172<\/h5>\n<p>Inhaber der Seite: Michael Szyszka \/ Kalker Hauptstra\u00dfe 141 \/ 51103 K\u00f6ln, Deutschland<br \/>\n+ 49 (0)177 \/ 298 51 21 \/ mail(at)zapfenstreiche.de<br \/>\nUSt-IdNr: DE314847192 \/ Steuernummer:\u00a0215 \/ 5170 \/ 4013 \/\u00a0Finanzamt:\u00a0K\u00f6ln-Mitte<br \/>\n______<br \/>\nGestaltung: Michael Szyszka<br \/>\nRealisierung: Fabian Ludwig <a href=\"http:\/\/www.fabianludwig.com\">(www.fabianludwig.com)<br \/>\n<\/a>______<\/p>\n<p><strong>DATENSCHUTZERKL\u00c4RUNG<\/strong> gem\u00e4\u00df \u00a7 13 Abs. 1 TMG<\/p>\n<p>Ich freue mich \u00fcber Ihr Interesse an meiner Person und Arbeit und Ihren Besuch auf meiner Website. Datenschutz und Datensicherheit bei der Nutzung meiner Website ist f\u00fcr mich selbstverst\u00e4ndlich. Ich m\u00f6chte Sie daher an dieser Stelle dar\u00fcber informieren, welche Ihrer personenbezogenen Daten ich bei Ihrem Besuch auf meiner Website erfasse und f\u00fcr welche Zwecke diese genutzt werden.<br \/>\nDiese Datenschutzerkl\u00e4rung kann jederzeit unter www.zapfenstreiche.de\/datenschutz abgerufen, abgespeichert und ausgedruckt werden. Da Gesetzes\u00e4nderungen oder \u00c4nderungen meiner unternehmensinternen Prozesse eine Anpassung dieser Datenschutzerkl\u00e4rung erforderlich machen k\u00f6nnen, bitte ich Sie, diese Datenschutzerkl\u00e4rung regelm\u00e4\u00dfig durchzulesen.<\/p>\n<ol>\n<li><strong>Geltungsbereich<\/strong><br \/>\nDiese Datenschutzerkl\u00e4rung gilt f\u00fcr das Internet-Angebot <strong>Zapfenstreiche \u2013 Illustration von Michael Szyszka<\/strong>, Kalker Hauptstra\u00dfe 141 \/ 51103 K\u00f6ln, welches auf den unter der Domain \u201ezapfenstreiche.de\u201c abrufbaren Websites (im Folgenden \u201emeine Website\u201c genannt) abrufbar ist.<\/li>\n<li><strong>Was sind personenbezogene Daten?<\/strong><br \/>\nPersonenbezogene Daten sind Informationen, die dazu genutzt werden k\u00f6nnen, pers\u00f6nliche oder sachliche Verh\u00e4ltnisse \u00fcber Sie zu erfahren (z.B. Name, Anschrift, Telefonnummer, Geburtsdatum oder E-Mail-Adresse). Informationen, bei denen ich keinen (oder nur mit einem unverh\u00e4ltnism\u00e4\u00dfigen Aufwand) Bezug zu Ihrer Person herstellen kann, z.B. durch Anonymisierung der Informationen, sind keine personenbezogenen Daten.<\/li>\n<li><strong>Welche personenbezogenen Daten werden von mir erhoben und verarbeitet?<\/strong><br \/>\nAlle Teile meiner Website k\u00f6nnen Sie ohne Angabe personenbezogener Daten nutzen \/ besuchen. Nehmen Sie die M\u00f6glichkeit in Anspruch, mittels Email Anfragen an mich zu richten, so unterliegt es Ihrer freien Entscheidung, ob Sie mir Daten mitteilen. Ohne diese Angaben kann ich allerdings Ihren Kontaktwunsch nicht erf\u00fcllen bzw. den gew\u00fcnschten Service ggf. nicht oder unter Umst\u00e4nden nur eingeschr\u00e4nkt anbieten. Weitere Angaben innerhalb der Email erfolgen freiwillig durch Sie.<\/li>\n<li><strong>Wozu nutze ich Ihre Daten?<\/strong><br \/>\nIhre Angaben werden von mir ausschlie\u00dflich zur Erf\u00fcllung Ihres Kontaktwunsches bzw. Erarbeitung meines Angebots f\u00fcr Sie bzw. Ihr Unternehmen verarbeitet. Eine weitere Nutzung Ihrer personenbezogenen Daten findet nicht statt. Eine \u00dcbermittlung Ihrer personenbezogenen Daten an Dritte oder eine Nutzung Ihrer Daten zu Werbezwecken findet nicht statt.<\/li>\n<li><strong>Anonyme Nutzungsdaten \/ Nutzung von Cookies<\/strong><br \/>\nIch erstelle keine personenbezogenen Nutzerprofile.<br \/>\nDie meisten Browser sind so voreingestellt, dass sie Cookies automatisch akzeptieren. Sie k\u00f6nnen das Speichern von Cookies jedoch deaktivieren oder Ihren Browser so einstellen, dass er Sie benachrichtigt, bevor Cookies gespeichert werden. Nutzer, die Cookies nicht akzeptieren, k\u00f6nnen auf bestimmte Bereiche meiner Websites eventuell nicht zugreifen.<\/li>\n<li><strong>Sicherungsma\u00dfnahmen zum Schutz der bei mir gespeicherten Daten<\/strong><br \/>\nPersonenbezogene Daten, die Sie mir \u00fcber im E-Mail-Verkehr mit mir anvertrauen, sind sicher. Ich verpflichte mich, Ihre Privatsph\u00e4re zu sch\u00fctzen und Ihre personenbezogenen Daten vertraulich zu behandeln. Um einen Verlust oder Missbrauch der bei mir gespeicherten Daten zu vermeiden, treffe ich umfangreiche technische und betriebliche Sicherheitsvorkehrungen, die regelm\u00e4\u00dfig \u00fcberpr\u00fcft und dem technologischen Fortschritt angepasst werden. Ich weise Sie jedoch darauf hin, dass es aufgrund der Struktur des Internets m\u00f6glich ist, dass die Regeln des Datenschutzes und die o.g. Sicherungsma\u00dfnahmen von anderen, nicht im Verantwortungsbereich von mir liegenden Personen oder Institutionen nicht beachtet werden. Insbesondere k\u00f6nnen unverschl\u00fcsselt preisgegebene Daten \u2013 auch wenn dies per E-Mail erfolgt \u2013 von Dritten mitgelesen werden. Ich habe technisch hierauf keinen Einfluss. Es liegt im Verantwortungsbereich des Nutzers, die von ihm zur Verf\u00fcgung gestellten Daten durch Verschl\u00fcsselung oder in sonstiger Weise gegen Missbrauch zu sch\u00fctzen.<\/li>\n<li><strong>Hyperlinks zu fremden Websites<\/strong><br \/>\nAuf meiner Website befinden sich sog. Hyperlinks zu Websites anderer Anbieter. Bei Aktivierung dieser Hyperlinks werden sie von meiner Website direkt auf die Website der anderen Anbieter weitergeleitet. Sie erkennen dies u.a. am Wechsel der URL. Ich kann keine Verantwortung f\u00fcr den vertraulichen Umgang Ihrer Daten auf diesen Websites Dritter \u00fcbernehmen, da ich keinen Einfluss darauf habe, dass diese Unternehmen die Datenschutzbestimmungen einhalten. \u00dcber den Umgang mit Ihren personenbezogenen Daten durch diese Unternehmen informieren Sie sich bitte auf diesen Websites direkt.<\/li>\n<li><strong>Auskunft zu Ihren bei mir gespeicherten personenbezogenen Daten \/ L\u00f6schung<\/strong><br \/>\nIhre personenbezogenen Angaben, die Sie im Rahmen der Kontaktaufnahme bei mir gemacht haben, speichere ich nur solange, wie dies nach dem Gesetz zul\u00e4ssig ist. Gerne teile ich Ihnen auf Ihre Aufforderung hin mit, welche Daten ich zu Ihrer Person gespeichert habe. Sollte trotz meines Bem\u00fchens um richtige und aktuelle Daten falsche Daten bei mir gespeichert sein, so berichtige ich diese unverz\u00fcglich. Sollten Sie die L\u00f6schung der gespeicherten Daten w\u00fcnschen, erfolgt diese L\u00f6schung \u00adauf Ihre Anforderung hin ebenfalls unverz\u00fcglich. Ist eine L\u00f6schung aus rechtlichen Gr\u00fcnden nicht m\u00f6glich, tritt an ihre Stelle eine Sperrung der jeweiligen Daten. Bitte beachten Sie jedoch, dass ich Ihnen bei L\u00f6schung Ihrer Daten die hier beschriebenen Services nicht mehr anbieten kann. Bitte wenden Sie sich in diesen F\u00e4llen an:<\/li>\n<\/ol>\n<p><strong>ZAPFENSTREICHE<\/strong><br \/>\nMichael Szyszka<br \/>\nKalker Hauptstra\u00dfe 141<br \/>\n51103 K\u00f6ln<br \/>\nmobil\u00a0<a href=\"tel:+491732350246\">+49177<\/a>2985121<br \/>\nmail(at)zapfenstreiche.de<\/p>\n<p><a href=\"http:\/\/www.fabianludwig.com\">\u00a0<\/a><\/p>\n","protected":false},"excerpt":{"rendered":"<p>(c) Michael Szyszka, 2026 Alle Abbildungen der Website \u2013 www.zapfenstreiche.de \u2013 unterliegen dem Urheberrecht. Jegliche Verwendung, ob f\u00fcr private oder kommerzielle Zwecke, bedarf der schriftlichen Genehmigung. Illustrator IO e.V. +\u00a0VG Bild-Kunst-Urheber: 187 3172 Inhaber der Seite: Michael Szyszka \/ Kalker Hauptstra\u00dfe 141 \/ 51103 K\u00f6ln, Deutschland + 49 (0)177 \/ 298 51 21 \/ mail(at)zapfenstreiche.de USt-IdNr: DE314847192 \/ Steuernummer:\u00a0215 \/ 5170 \/ 4013 \/\u00a0Finanzamt:\u00a0K\u00f6ln-Mitte ______ Gestaltung: Michael Szyszka Realisierung: Fabian&#8230;<\/p>\n","protected":false},"author":1,"featured_media":0,"parent":0,"menu_order":0,"comment_status":"closed","ping_status":"closed","template":"","meta":{"_seopress_robots_primary_cat":"","_seopress_titles_title":"","_seopress_titles_desc":"","_seopress_robots_index":"","footnotes":""},"class_list":["post-2467","page","type-page","status-publish","hentry"],"acf":[],"_links":{"self":[{"href":"https:\/\/zapfenstreiche.de\/index.php\/wp-json\/wp\/v2\/pages\/2467"}],"collection":[{"href":"https:\/\/zapfenstreiche.de\/index.php\/wp-json\/wp\/v2\/pages"}],"about":[{"href":"https:\/\/zapfenstreiche.de\/index.php\/wp-json\/wp\/v2\/types\/page"}],"author":[{"embeddable":true,"href":"https:\/\/zapfenstreiche.de\/index.php\/wp-json\/wp\/v2\/users\/1"}],"replies":[{"embeddable":true,"href":"https:\/\/zapfenstreiche.de\/index.php\/wp-json\/wp\/v2\/comments?post=2467"}],"version-history":[{"count":14,"href":"https:\/\/zapfenstreiche.de\/index.php\/wp-json\/wp\/v2\/pages\/2467\/revisions"}],"predecessor-version":[{"id":4234,"href":"https:\/\/zapfenstreiche.de\/index.php\/wp-json\/wp\/v2\/pages\/2467\/revisions\/4234"}],"wp:attachment":[{"href":"https:\/\/zapfenstreiche.de\/index.php\/wp-json\/wp\/v2\/media?parent=2467"}],"curies":[{"name":"wp","href":"https:\/\/api.w.org\/{rel}","templated":true}]}}