{"id":49,"date":"2015-07-19T12:49:35","date_gmt":"2015-07-19T12:49:35","guid":{"rendered":"http:\/\/zapfenstreiche.de\/?page_id=49"},"modified":"2025-04-15T17:14:57","modified_gmt":"2025-04-15T15:14:57","slug":"home","status":"publish","type":"page","link":"https:\/\/zapfenstreiche.de\/","title":{"rendered":"Home"},"content":{"rendered":"\n<p><strong>Hi. Ich bin Michael Szyszka, freiberuflicher Illustrator mit Schwerpunkt in den Bereichen <\/strong><a href=\"http:\/\/zapfenstreiche.de\/index.php\/category\/editorial\/\">EDITORIAL,<\/a> <a href=\"https:\/\/zapfenstreiche.de\/index.php\/category\/corporate\/\">CORPORATE<\/a> <strong>und<\/strong> <a href=\"https:\/\/zapfenstreiche.de\/wp-content\/uploads\/ZS_Event_Portfolio_2025_web.pdf\" target=\"_blank\" rel=\"noreferrer noopener\">EVENT-Zeichnen<\/a> <strong>sowie <\/strong><a href=\"https:\/\/zapfenstreiche.de\/index.php\/category\/lehre\/\">DOZENT<\/a><strong> f\u00fcr Zeichnung und Illustration.<\/strong> <strong>Seit 2015 lebe und arbeite ich in K\u00f6ln.<\/strong><\/p>\n\n\n\n<p><em>\r\n\t<div class=\"slideshow_container slideshow_container_style-light\" style=\" \" data-slideshow-id=\"3438\" data-style-name=\"style-light\" data-style-version=\"2.3.1\" >\r\n\r\n\t\t\t\t\t<div class=\"slideshow_loading_icon\"><\/div>\r\n\t\t\r\n\t\t<div class=\"slideshow_content\" style=\"display: none;\">\r\n\r\n\t\t\t<div class=\"slideshow_view\">\r\n\t\t\t\t<div class=\"slideshow_slide slideshow_slide_image\">\r\n\t\t\t\t\t\t\t\t\t\t\t<img src=\"https:\/\/zapfenstreiche.de\/wp-content\/uploads\/2023\/06\/e_bge_03.jpg\" alt=\"e_bge_03\" width=\"2200\" height=\"1300\" \/>\r\n\t\t\t\t\t\t\t\t\t\t<div class=\"slideshow_description_box slideshow_transparent\">\r\n\t\t\t\t\t\t<div class=\"slideshow_title\">e_bge_03<\/div>\t\t\t\t\t\t\t\t\t\t\t<\/div>\r\n\t\t\t\t<\/div>\r\n\r\n\t\t\t\t\t\t<div style=\"clear: both;\"><\/div><\/div><div class=\"slideshow_view\">\r\n\t\t\t\t<div class=\"slideshow_slide slideshow_slide_image\">\r\n\t\t\t\t\t\t\t\t\t\t\t<img src=\"https:\/\/zapfenstreiche.de\/wp-content\/uploads\/2023\/08\/portrait_2023_08.jpg\" alt=\"portrait_2023_08\" width=\"2268\" height=\"1428\" \/>\r\n\t\t\t\t\t\t\t\t\t\t<div class=\"slideshow_description_box slideshow_transparent\">\r\n\t\t\t\t\t\t<div class=\"slideshow_title\">portrait_2023_08<\/div>\t\t\t\t\t\t\t\t\t\t\t<\/div>\r\n\t\t\t\t<\/div>\r\n\r\n\t\t\t\t\t\t<div style=\"clear: both;\"><\/div><\/div><div class=\"slideshow_view\">\r\n\t\t\t\t<div class=\"slideshow_slide slideshow_slide_image\">\r\n\t\t\t\t\t\t\t\t\t\t\t<img src=\"https:\/\/zapfenstreiche.de\/wp-content\/uploads\/2021\/03\/e_focus_41.jpg\" alt=\"e_focus_41\" width=\"2200\" height=\"1300\" \/>\r\n\t\t\t\t\t\t\t\t\t\t<div class=\"slideshow_description_box slideshow_transparent\">\r\n\t\t\t\t\t\t<div class=\"slideshow_title\">e_focus_41<\/div>\t\t\t\t\t\t<div class=\"slideshow_description\">Heft Nr. 21\/2023<\/div>\t\t\t\t\t<\/div>\r\n\t\t\t\t<\/div>\r\n\r\n\t\t\t\t\t\t<div style=\"clear: both;\"><\/div><\/div><div class=\"slideshow_view\">\r\n\t\t\t\t<div class=\"slideshow_slide slideshow_slide_image\">\r\n\t\t\t\t\t\t\t\t\t\t\t<img src=\"https:\/\/zapfenstreiche.de\/wp-content\/uploads\/2023\/06\/e_philosophie_01.jpg\" alt=\"e_philosophie_01\" width=\"2200\" height=\"1300\" \/>\r\n\t\t\t\t\t\t\t\t\t\t<div class=\"slideshow_description_box slideshow_transparent\">\r\n\t\t\t\t\t\t<div class=\"slideshow_title\">e_philosophie_01<\/div>\t\t\t\t\t\t\t\t\t\t\t<\/div>\r\n\t\t\t\t<\/div>\r\n\r\n\t\t\t\t\t\t<div style=\"clear: both;\"><\/div><\/div><div class=\"slideshow_view\">\r\n\t\t\t\t<div class=\"slideshow_slide slideshow_slide_image\">\r\n\t\t\t\t\t\t\t\t\t\t\t<img src=\"https:\/\/zapfenstreiche.de\/wp-content\/uploads\/2021\/03\/e_focus_40-1.jpg\" alt=\"e_focus_40\" width=\"2200\" height=\"1300\" \/>\r\n\t\t\t\t\t\t\t\t\t\t<div class=\"slideshow_description_box slideshow_transparent\">\r\n\t\t\t\t\t\t<div class=\"slideshow_title\">e_focus_40<\/div>\t\t\t\t\t\t\t\t\t\t\t<\/div>\r\n\t\t\t\t<\/div>\r\n\r\n\t\t\t\t\t\t<div style=\"clear: both;\"><\/div><\/div><div class=\"slideshow_view\">\r\n\t\t\t\t<div class=\"slideshow_slide slideshow_slide_image\">\r\n\t\t\t\t\t\t\t\t\t\t\t<img src=\"https:\/\/zapfenstreiche.de\/wp-content\/uploads\/2020\/08\/e_psychologie-heute-02.2023_03.jpg\" alt=\"e_psychologie-heute-02.2023_03\" width=\"2200\" height=\"1300\" \/>\r\n\t\t\t\t\t\t\t\t\t\t<div class=\"slideshow_description_box slideshow_transparent\">\r\n\t\t\t\t\t\t<div class=\"slideshow_title\">e_psychologie-heute-02.2023_03<\/div>\t\t\t\t\t\t\t\t\t\t\t<\/div>\r\n\t\t\t\t<\/div>\r\n\r\n\t\t\t\t\t\t<div style=\"clear: both;\"><\/div><\/div><div class=\"slideshow_view\">\r\n\t\t\t\t<div class=\"slideshow_slide slideshow_slide_image\">\r\n\t\t\t\t\t\t\t\t\t\t\t<img src=\"https:\/\/zapfenstreiche.de\/wp-content\/uploads\/2023\/01\/e_die_stadtfuehrerin_01.jpg\" alt=\"e_die_stadtfuehrerin_01\" width=\"2200\" height=\"1300\" \/>\r\n\t\t\t\t\t\t\t\t\t\t<div class=\"slideshow_description_box slideshow_transparent\">\r\n\t\t\t\t\t\t<div class=\"slideshow_title\">e_die_stadtfuehrerin_01<\/div>\t\t\t\t\t\t\t\t\t\t\t<\/div>\r\n\t\t\t\t<\/div>\r\n\r\n\t\t\t\t\t\t<div style=\"clear: both;\"><\/div><\/div><div class=\"slideshow_view\">\r\n\t\t\t\t<div class=\"slideshow_slide slideshow_slide_image\">\r\n\t\t\t\t\t\t\t\t\t\t\t<img src=\"https:\/\/zapfenstreiche.de\/wp-content\/uploads\/2022\/10\/c_bahnfrei_01.jpg\" alt=\"c_bahnfrei_01\" width=\"2200\" height=\"1300\" \/>\r\n\t\t\t\t\t\t\t\t\t\t<div class=\"slideshow_description_box slideshow_transparent\">\r\n\t\t\t\t\t\t<div class=\"slideshow_title\">c_bahnfrei_01<\/div>\t\t\t\t\t\t\t\t\t\t\t<\/div>\r\n\t\t\t\t<\/div>\r\n\r\n\t\t\t\t\t\t<div style=\"clear: both;\"><\/div><\/div><div class=\"slideshow_view\">\r\n\t\t\t\t<div class=\"slideshow_slide slideshow_slide_image\">\r\n\t\t\t\t\t\t\t\t\t\t\t<img src=\"https:\/\/zapfenstreiche.de\/wp-content\/uploads\/2022\/03\/b_harte_schale_01.jpg\" alt=\"b_harte_schale_01\" width=\"2200\" height=\"1300\" \/>\r\n\t\t\t\t\t\t\t\t\t\t<div class=\"slideshow_description_box slideshow_transparent\">\r\n\t\t\t\t\t\t<div class=\"slideshow_title\">b_harte_schale_01<\/div>\t\t\t\t\t\t\t\t\t\t\t<\/div>\r\n\t\t\t\t<\/div>\r\n\r\n\t\t\t\t\t\t<div style=\"clear: both;\"><\/div><\/div><div class=\"slideshow_view\">\r\n\t\t\t\t<div class=\"slideshow_slide slideshow_slide_image\">\r\n\t\t\t\t\t\t\t\t\t\t\t<img src=\"https:\/\/zapfenstreiche.de\/wp-content\/uploads\/2018\/04\/c_dzbank_17.jpg\" alt=\"c_dzbank_17\" width=\"2200\" height=\"1300\" \/>\r\n\t\t\t\t\t\t\t\t\t\t<div class=\"slideshow_description_box slideshow_transparent\">\r\n\t\t\t\t\t\t<div class=\"slideshow_title\">c_dzbank_17<\/div>\t\t\t\t\t\t\t\t\t\t\t<\/div>\r\n\t\t\t\t<\/div>\r\n\r\n\t\t\t\t\t\t<div style=\"clear: both;\"><\/div><\/div><div class=\"slideshow_view\">\r\n\t\t\t\t<div class=\"slideshow_slide slideshow_slide_image\">\r\n\t\t\t\t\t\t\t\t\t\t\t<img src=\"https:\/\/zapfenstreiche.de\/wp-content\/uploads\/2018\/04\/c_dzbank_16.jpg\" alt=\"c_dzbank_16\" width=\"2200\" height=\"1300\" \/>\r\n\t\t\t\t\t\t\t\t\t\t<div class=\"slideshow_description_box slideshow_transparent\">\r\n\t\t\t\t\t\t<div class=\"slideshow_title\">c_dzbank_16<\/div>\t\t\t\t\t\t<div class=\"slideshow_description\">04\/2021 \u2013 Lieferketten<\/div>\t\t\t\t\t<\/div>\r\n\t\t\t\t<\/div>\r\n\r\n\t\t\t\t\t\t<div style=\"clear: both;\"><\/div><\/div><div class=\"slideshow_view\">\r\n\t\t\t\t<div class=\"slideshow_slide slideshow_slide_image\">\r\n\t\t\t\t\t\t\t\t\t\t\t<img src=\"https:\/\/zapfenstreiche.de\/wp-content\/uploads\/2022\/03\/e_geo_saison_1.jpg\" alt=\"e_geo_saison_1\" width=\"2200\" height=\"1300\" \/>\r\n\t\t\t\t\t\t\t\t\t\t<div class=\"slideshow_description_box slideshow_transparent\">\r\n\t\t\t\t\t\t<div class=\"slideshow_title\">e_geo_saison_1<\/div>\t\t\t\t\t\t\t\t\t\t\t<\/div>\r\n\t\t\t\t<\/div>\r\n\r\n\t\t\t\t\t\t<div style=\"clear: both;\"><\/div><\/div><div class=\"slideshow_view\">\r\n\t\t\t\t<div class=\"slideshow_slide slideshow_slide_image\">\r\n\t\t\t\t\t\t\t\t\t\t\t<img src=\"https:\/\/zapfenstreiche.de\/wp-content\/uploads\/2021\/08\/e_sensor-1.jpg\" alt=\"\" width=\"2200\" height=\"1300\" \/>\r\n\t\t\t\t\t\t\t\t\t\t<div class=\"slideshow_description_box slideshow_transparent\">\r\n\t\t\t\t\t\t\t\t\t\t\t\t\t\t\t\t\t<\/div>\r\n\t\t\t\t<\/div>\r\n\r\n\t\t\t\t\t\t<div style=\"clear: both;\"><\/div><\/div><div class=\"slideshow_view\">\r\n\t\t\t\t<div class=\"slideshow_slide slideshow_slide_image\">\r\n\t\t\t\t\t\t\t\t\t\t\t<img src=\"https:\/\/zapfenstreiche.de\/wp-content\/uploads\/2020\/07\/e_focus_27.jpg\" alt=\"e_focus_27\" width=\"2200\" height=\"1300\" \/>\r\n\t\t\t\t\t\t\t\t\t\t<div class=\"slideshow_description_box slideshow_transparent\">\r\n\t\t\t\t\t\t<div class=\"slideshow_title\">e_focus_27<\/div>\t\t\t\t\t\t\t\t\t\t\t<\/div>\r\n\t\t\t\t<\/div>\r\n\r\n\t\t\t\t\t\t<div style=\"clear: both;\"><\/div><\/div><div class=\"slideshow_view\">\r\n\t\t\t\t<div class=\"slideshow_slide slideshow_slide_image\">\r\n\t\t\t\t\t\t\t\t\t\t\t<img src=\"https:\/\/zapfenstreiche.de\/wp-content\/uploads\/2020\/07\/e_focus_23.jpg\" alt=\"e_focus_23\" width=\"2200\" height=\"1300\" \/>\r\n\t\t\t\t\t\t\t\t\t\t<div class=\"slideshow_description_box slideshow_transparent\">\r\n\t\t\t\t\t\t<div class=\"slideshow_title\">e_focus_23<\/div>\t\t\t\t\t\t\t\t\t\t\t<\/div>\r\n\t\t\t\t<\/div>\r\n\r\n\t\t\t\t\t\t<div style=\"clear: both;\"><\/div><\/div><div class=\"slideshow_view\">\r\n\t\t\t\t<div class=\"slideshow_slide slideshow_slide_image\">\r\n\t\t\t\t\t\t\t\t\t\t\t<img src=\"https:\/\/zapfenstreiche.de\/wp-content\/uploads\/2020\/11\/c_rosa-luxemburg-stiftung_01.jpg\" alt=\"c_rosa-luxemburg-stiftung_01\" width=\"2200\" height=\"1300\" \/>\r\n\t\t\t\t\t\t\t\t\t\t<div class=\"slideshow_description_box slideshow_transparent\">\r\n\t\t\t\t\t\t<div class=\"slideshow_title\">c_rosa-luxemburg-stiftung_01<\/div>\t\t\t\t\t\t\t\t\t\t\t<\/div>\r\n\t\t\t\t<\/div>\r\n\r\n\t\t\t\t\t\t<div style=\"clear: both;\"><\/div><\/div><div class=\"slideshow_view\">\r\n\t\t\t\t<div class=\"slideshow_slide slideshow_slide_image\">\r\n\t\t\t\t\t\t\t\t\t\t\t<img src=\"https:\/\/zapfenstreiche.de\/wp-content\/uploads\/2020\/11\/e_datev_2020_11_03.jpg\" alt=\"e_datev_2020_11_03\" width=\"2200\" height=\"1300\" \/>\r\n\t\t\t\t\t\t\t\t\t\t<div class=\"slideshow_description_box slideshow_transparent\">\r\n\t\t\t\t\t\t<div class=\"slideshow_title\">e_datev_2020_11_03<\/div>\t\t\t\t\t\t\t\t\t\t\t<\/div>\r\n\t\t\t\t<\/div>\r\n\r\n\t\t\t\t\t\t<div style=\"clear: both;\"><\/div><\/div><div class=\"slideshow_view\">\r\n\t\t\t\t<div class=\"slideshow_slide slideshow_slide_image\">\r\n\t\t\t\t\t\t\t\t\t\t\t<img src=\"https:\/\/zapfenstreiche.de\/wp-content\/uploads\/2017\/11\/slide-34.jpg\" alt=\"slide-34\" width=\"2200\" height=\"1300\" \/>\r\n\t\t\t\t\t\t\t\t\t\t<div class=\"slideshow_description_box slideshow_transparent\">\r\n\t\t\t\t\t\t<div class=\"slideshow_title\">slide-34<\/div>\t\t\t\t\t\t\t\t\t\t\t<\/div>\r\n\t\t\t\t<\/div>\r\n\r\n\t\t\t\t\t\t<div style=\"clear: both;\"><\/div><\/div><div class=\"slideshow_view\">\r\n\t\t\t\t<div class=\"slideshow_slide slideshow_slide_image\">\r\n\t\t\t\t\t\t\t\t\t\t\t<img src=\"https:\/\/zapfenstreiche.de\/wp-content\/uploads\/2016\/11\/slide-30.jpg\" alt=\"slide-30\" width=\"2200\" height=\"1300\" \/>\r\n\t\t\t\t\t\t\t\t\t\t<div class=\"slideshow_description_box slideshow_transparent\">\r\n\t\t\t\t\t\t<div class=\"slideshow_title\">slide-30<\/div>\t\t\t\t\t\t\t\t\t\t\t<\/div>\r\n\t\t\t\t<\/div>\r\n\r\n\t\t\t\t\t\t<div style=\"clear: both;\"><\/div><\/div><div class=\"slideshow_view\">\r\n\t\t\t\t<div class=\"slideshow_slide slideshow_slide_image\">\r\n\t\t\t\t\t\t\t\t\t\t\t<img src=\"https:\/\/zapfenstreiche.de\/wp-content\/uploads\/2016\/03\/c_scheisse_0.jpg\" alt=\"c_scheisse_0\" width=\"2200\" height=\"1300\" \/>\r\n\t\t\t\t\t\t\t\t\t\t<div class=\"slideshow_description_box slideshow_transparent\">\r\n\t\t\t\t\t\t<div class=\"slideshow_title\">c_scheisse_0<\/div>\t\t\t\t\t\t\t\t\t\t\t<\/div>\r\n\t\t\t\t<\/div>\r\n\r\n\t\t\t\t\t\t<div style=\"clear: both;\"><\/div><\/div><div class=\"slideshow_view\">\r\n\t\t\t\t<div class=\"slideshow_slide slideshow_slide_image\">\r\n\t\t\t\t\t\t\t\t\t\t\t<img src=\"https:\/\/zapfenstreiche.de\/wp-content\/uploads\/2018\/07\/e_focus_02.jpg\" alt=\"e_focus_02\" width=\"2200\" height=\"1300\" \/>\r\n\t\t\t\t\t\t\t\t\t\t<div class=\"slideshow_description_box slideshow_transparent\">\r\n\t\t\t\t\t\t<div class=\"slideshow_title\">e_focus_02<\/div>\t\t\t\t\t\t\t\t\t\t\t<\/div>\r\n\t\t\t\t<\/div>\r\n\r\n\t\t\t\t\t\t<div style=\"clear: both;\"><\/div><\/div><div class=\"slideshow_view\">\r\n\t\t\t\t<div class=\"slideshow_slide slideshow_slide_image\">\r\n\t\t\t\t\t\t\t\t\t\t\t<img src=\"https:\/\/zapfenstreiche.de\/wp-content\/uploads\/2018\/07\/c_oesterreichischepost_2018_02.jpg\" alt=\"c_oesterreichischepost_2018_02\" width=\"2200\" height=\"1300\" \/>\r\n\t\t\t\t\t\t\t\t\t\t<div class=\"slideshow_description_box slideshow_transparent\">\r\n\t\t\t\t\t\t<div class=\"slideshow_title\">c_oesterreichischepost_2018_02<\/div>\t\t\t\t\t\t\t\t\t\t\t<\/div>\r\n\t\t\t\t<\/div>\r\n\r\n\t\t\t\t\t\t<div style=\"clear: both;\"><\/div><\/div><div class=\"slideshow_view\">\r\n\t\t\t\t<div class=\"slideshow_slide slideshow_slide_image\">\r\n\t\t\t\t\t\t\t\t\t\t\t<img src=\"https:\/\/zapfenstreiche.de\/wp-content\/uploads\/2018\/09\/f_hafenfest_2018_6.jpg\" alt=\"f_hafenfest_2018_6\" width=\"2200\" height=\"1300\" \/>\r\n\t\t\t\t\t\t\t\t\t\t<div class=\"slideshow_description_box slideshow_transparent\">\r\n\t\t\t\t\t\t<div class=\"slideshow_title\">f_hafenfest_2018_6<\/div>\t\t\t\t\t\t\t\t\t\t\t<\/div>\r\n\t\t\t\t<\/div>\r\n\r\n\t\t\t\t\t\t<div style=\"clear: both;\"><\/div><\/div><div class=\"slideshow_view\">\r\n\t\t\t\t<div class=\"slideshow_slide slideshow_slide_image\">\r\n\t\t\t\t\t\t\t\t\t\t\t<img src=\"https:\/\/zapfenstreiche.de\/wp-content\/uploads\/2016\/02\/e_taz-27.jpg\" alt=\"e_taz-27\" width=\"2200\" height=\"1300\" \/>\r\n\t\t\t\t\t\t\t\t\t\t<div class=\"slideshow_description_box slideshow_transparent\">\r\n\t\t\t\t\t\t<div class=\"slideshow_title\">e_taz-27<\/div>\t\t\t\t\t\t\t\t\t\t\t<\/div>\r\n\t\t\t\t<\/div>\r\n\r\n\t\t\t\t\t\t<div style=\"clear: both;\"><\/div><\/div><div class=\"slideshow_view\">\r\n\t\t\t\t<div class=\"slideshow_slide slideshow_slide_image\">\r\n\t\t\t\t\t\t\t\t\t\t\t<img src=\"https:\/\/zapfenstreiche.de\/wp-content\/uploads\/2018\/11\/e_festspielhaus_1.jpg\" alt=\"e_festspielhaus_1\" width=\"2200\" height=\"1300\" \/>\r\n\t\t\t\t\t\t\t\t\t\t<div class=\"slideshow_description_box slideshow_transparent\">\r\n\t\t\t\t\t\t<div class=\"slideshow_title\">e_festspielhaus_1<\/div>\t\t\t\t\t\t\t\t\t\t\t<\/div>\r\n\t\t\t\t<\/div>\r\n\r\n\t\t\t\t\t\t<div style=\"clear: both;\"><\/div><\/div><div class=\"slideshow_view\">\r\n\t\t\t\t<div class=\"slideshow_slide slideshow_slide_image\">\r\n\t\t\t\t\t\t\t\t\t\t\t<img src=\"https:\/\/zapfenstreiche.de\/wp-content\/uploads\/2018\/12\/e_magazin_der_gruenen_2018_1.jpg\" alt=\"e_magazin_der_gruenen_2018_1\" width=\"2200\" height=\"1300\" \/>\r\n\t\t\t\t\t\t\t\t\t\t<div class=\"slideshow_description_box slideshow_transparent\">\r\n\t\t\t\t\t\t<div class=\"slideshow_title\">e_magazin_der_gruenen_2018_1<\/div>\t\t\t\t\t\t\t\t\t\t\t<\/div>\r\n\t\t\t\t<\/div>\r\n\r\n\t\t\t\t\t\t<div style=\"clear: both;\"><\/div><\/div><div class=\"slideshow_view\">\r\n\t\t\t\t<div class=\"slideshow_slide slideshow_slide_image\">\r\n\t\t\t\t\t\t\t\t\t\t\t<img src=\"https:\/\/zapfenstreiche.de\/wp-content\/uploads\/2019\/02\/f_skizzen-2019-8.jpg\" alt=\"f_skizzen-2019-8\" width=\"2200\" height=\"1300\" \/>\r\n\t\t\t\t\t\t\t\t\t\t<div class=\"slideshow_description_box slideshow_transparent\">\r\n\t\t\t\t\t\t<div class=\"slideshow_title\">f_skizzen-2019-8<\/div>\t\t\t\t\t\t\t\t\t\t\t<\/div>\r\n\t\t\t\t<\/div>\r\n\r\n\t\t\t\t\t\t<div style=\"clear: both;\"><\/div><\/div><div class=\"slideshow_view\">\r\n\t\t\t\t<div class=\"slideshow_slide slideshow_slide_image\">\r\n\t\t\t\t\t\t\t\t\t\t\t<img src=\"https:\/\/zapfenstreiche.de\/wp-content\/uploads\/2018\/07\/e_psychologie-heute-29.jpg\" alt=\"e_psychologie-heute-29\" width=\"2200\" height=\"1300\" \/>\r\n\t\t\t\t\t\t\t\t\t\t<div class=\"slideshow_description_box slideshow_transparent\">\r\n\t\t\t\t\t\t<div class=\"slideshow_title\">e_psychologie-heute-29<\/div>\t\t\t\t\t\t\t\t\t\t\t<\/div>\r\n\t\t\t\t<\/div>\r\n\r\n\t\t\t\t\t\t<div style=\"clear: both;\"><\/div><\/div><div class=\"slideshow_view\">\r\n\t\t\t\t<div class=\"slideshow_slide slideshow_slide_image\">\r\n\t\t\t\t\t\t\t\t\t\t\t<img src=\"https:\/\/zapfenstreiche.de\/wp-content\/uploads\/2019\/04\/c_walter-sohn_01.jpg\" alt=\"c_walter+sohn_01\" width=\"2200\" height=\"1300\" \/>\r\n\t\t\t\t\t\t\t\t\t\t<div class=\"slideshow_description_box slideshow_transparent\">\r\n\t\t\t\t\t\t<div class=\"slideshow_title\">c_walter+sohn_01<\/div>\t\t\t\t\t\t\t\t\t\t\t<\/div>\r\n\t\t\t\t<\/div>\r\n\r\n\t\t\t\t\t\t<div style=\"clear: both;\"><\/div><\/div><div class=\"slideshow_view\">\r\n\t\t\t\t<div class=\"slideshow_slide slideshow_slide_image\">\r\n\t\t\t\t\t\t\t\t\t\t\t<img src=\"https:\/\/zapfenstreiche.de\/wp-content\/uploads\/2019\/11\/c_fuern_arsch_2.jpg\" alt=\"c_fuern_arsch_2\" width=\"2200\" height=\"1300\" \/>\r\n\t\t\t\t\t\t\t\t\t\t<div class=\"slideshow_description_box slideshow_transparent\">\r\n\t\t\t\t\t\t<div class=\"slideshow_title\">c_fuern_arsch_2<\/div>\t\t\t\t\t\t\t\t\t\t\t<\/div>\r\n\t\t\t\t<\/div>\r\n\r\n\t\t\t\t\t\t<div style=\"clear: both;\"><\/div><\/div><div class=\"slideshow_view\">\r\n\t\t\t\t<div class=\"slideshow_slide slideshow_slide_image\">\r\n\t\t\t\t\t\t\t\t\t\t\t<img src=\"https:\/\/zapfenstreiche.de\/wp-content\/uploads\/2018\/07\/e_focus_07.jpg\" alt=\"e_focus_07\" width=\"2200\" height=\"1300\" \/>\r\n\t\t\t\t\t\t\t\t\t\t<div class=\"slideshow_description_box slideshow_transparent\">\r\n\t\t\t\t\t\t<div class=\"slideshow_title\">e_focus_07<\/div>\t\t\t\t\t\t\t\t\t\t\t<\/div>\r\n\t\t\t\t<\/div>\r\n\r\n\t\t\t\t\t\t<div style=\"clear: both;\"><\/div><\/div><div class=\"slideshow_view\">\r\n\t\t\t\t<div class=\"slideshow_slide slideshow_slide_image\">\r\n\t\t\t\t\t\t\t\t\t\t\t<img src=\"https:\/\/zapfenstreiche.de\/wp-content\/uploads\/2018\/04\/c_dzbank_08.jpg\" alt=\"c_dzbank_08\" width=\"1614\" height=\"991\" \/>\r\n\t\t\t\t\t\t\t\t\t\t<div class=\"slideshow_description_box slideshow_transparent\">\r\n\t\t\t\t\t\t<div class=\"slideshow_title\">c_dzbank_08<\/div>\t\t\t\t\t\t\t\t\t\t\t<\/div>\r\n\t\t\t\t<\/div>\r\n\r\n\t\t\t\t\t\t<div style=\"clear: both;\"><\/div><\/div><div class=\"slideshow_view\">\r\n\t\t\t\t<div class=\"slideshow_slide slideshow_slide_image\">\r\n\t\t\t\t\t\t\t\t\t\t\t<img src=\"https:\/\/zapfenstreiche.de\/wp-content\/uploads\/2019\/12\/e_cor_01.jpg\" alt=\"e_cor_01\" width=\"2200\" height=\"1300\" \/>\r\n\t\t\t\t\t\t\t\t\t\t<div class=\"slideshow_description_box slideshow_transparent\">\r\n\t\t\t\t\t\t<div class=\"slideshow_title\">e_cor_01<\/div>\t\t\t\t\t\t\t\t\t\t\t<\/div>\r\n\t\t\t\t<\/div>\r\n\r\n\t\t\t\t\t\t<div style=\"clear: both;\"><\/div><\/div><div class=\"slideshow_view\">\r\n\t\t\t\t<div class=\"slideshow_slide slideshow_slide_image\">\r\n\t\t\t\t\t\t\t\t\t\t\t<img src=\"https:\/\/zapfenstreiche.de\/wp-content\/uploads\/2020\/01\/c_joliente_02.jpg\" alt=\"c_joliente_02\" width=\"2200\" height=\"1300\" \/>\r\n\t\t\t\t\t\t\t\t\t\t<div class=\"slideshow_description_box slideshow_transparent\">\r\n\t\t\t\t\t\t<div class=\"slideshow_title\">c_joliente_02<\/div>\t\t\t\t\t\t\t\t\t\t\t<\/div>\r\n\t\t\t\t<\/div>\r\n\r\n\t\t\t\t\t\t<div style=\"clear: both;\"><\/div><\/div><div class=\"slideshow_view\">\r\n\t\t\t\t<div class=\"slideshow_slide slideshow_slide_image\">\r\n\t\t\t\t\t\t\t\t\t\t\t<img src=\"https:\/\/zapfenstreiche.de\/wp-content\/uploads\/2018\/07\/e_focus_13.jpg\" alt=\"e_focus_13\" width=\"2200\" height=\"1300\" \/>\r\n\t\t\t\t\t\t\t\t\t\t<div class=\"slideshow_description_box slideshow_transparent\">\r\n\t\t\t\t\t\t<div class=\"slideshow_title\">e_focus_13<\/div>\t\t\t\t\t\t\t\t\t\t\t<\/div>\r\n\t\t\t\t<\/div>\r\n\r\n\t\t\t\t\t\t<div style=\"clear: both;\"><\/div><\/div><div class=\"slideshow_view\">\r\n\t\t\t\t<div class=\"slideshow_slide slideshow_slide_image\">\r\n\t\t\t\t\t\t\t\t\t\t\t<img src=\"https:\/\/zapfenstreiche.de\/wp-content\/uploads\/2020\/05\/f_corona_illustrationen_5.jpg\" alt=\"f_corona_illustrationen_5\" width=\"2200\" height=\"1300\" \/>\r\n\t\t\t\t\t\t\t\t\t\t<div class=\"slideshow_description_box slideshow_transparent\">\r\n\t\t\t\t\t\t<div class=\"slideshow_title\">f_corona_illustrationen_5<\/div>\t\t\t\t\t\t\t\t\t\t\t<\/div>\r\n\t\t\t\t<\/div>\r\n\r\n\t\t\t\t\t\t<div style=\"clear: both;\"><\/div><\/div><div class=\"slideshow_view\">\r\n\t\t\t\t<div class=\"slideshow_slide slideshow_slide_image\">\r\n\t\t\t\t\t\t\t\t\t\t\t<img src=\"https:\/\/zapfenstreiche.de\/wp-content\/uploads\/2016\/02\/e_taz-33.jpg\" alt=\"e_taz-33\" width=\"2200\" height=\"1300\" \/>\r\n\t\t\t\t\t\t\t\t\t\t<div class=\"slideshow_description_box slideshow_transparent\">\r\n\t\t\t\t\t\t<div class=\"slideshow_title\">e_taz-33<\/div>\t\t\t\t\t\t\t\t\t\t\t<\/div>\r\n\t\t\t\t<\/div>\r\n\r\n\t\t\t\t\t\t<div style=\"clear: both;\"><\/div><\/div>\r\n\t\t<\/div>\r\n\r\n\t\t<div class=\"slideshow_controlPanel slideshow_transparent\" style=\"display: none;\"><ul><li class=\"slideshow_togglePlay\" data-play-text=\"Abspielen\" data-pause-text=\"Pause\"><\/li><\/ul><\/div>\r\n\r\n\t\t<div class=\"slideshow_button slideshow_previous slideshow_transparent\" role=\"button\" data-previous-text=\"Zur\u00fcck\" style=\"display: none;\"><\/div>\r\n\t\t<div class=\"slideshow_button slideshow_next slideshow_transparent\" role=\"button\" data-next-text=\"N\u00e4chstes\" style=\"display: none;\"><\/div>\r\n\r\n\t\t<div class=\"slideshow_pagination\" style=\"display: none;\" data-go-to-text=\"Gehe zum Bild\"><div class=\"slideshow_pagination_center\"><\/div><\/div>\r\n\r\n\t\t<!-- WordPress Slideshow Version 2.3.1 -->\r\n\r\n\t\t\t<\/div>\r\n\r\n<\/em><br><\/p>\n\n\n\n<p style=\"font-size:14px\">Mein Stil ist eine Kombination aus analogen Zeichnungen und digitaler Nachbearbeitung. Die meisten Elemente entstehen auf Papier und werden f\u00fcr die digitale Koloration und Komposition gescannt. <br><br>Ich zeichne \u00fcberwiegend mit <strong>Bleistift, Bunt- <\/strong>und<strong> Filzstiften<\/strong>. Die Zeichnungen kombiniere ich gern mit Papierstrukturen und Mustern, wodurch <strong>zeichnerische Collagen<\/strong> entstehen. Diese Kompositionen bekommen nicht nur einen haptischen Mehrwert \u2013 der Materialmix sorgt f\u00fcr spannende Kontraste zwischen Linie und Fl\u00e4che. Teils verspielt, teils plakativ.<br><br>Meine Illustrationen findet ihr in Magazinen und Zeitungen \u2013 <strong><a href=\"http:\/\/zapfenstreiche.de\/index.php\/category\/editorial\/\" target=\"_blank\" rel=\"noreferrer noopener\">EDITORIAL<\/a><\/strong>, auf Websites, Produktverpackungen, Werbemitteln und in der internen und externen Unternehmenskommunikation \u2013 <strong><a href=\"https:\/\/zapfenstreiche.de\/index.php\/category\/corporate\/\" target=\"_blank\" rel=\"noreferrer noopener\">CORPORATE<\/a><\/strong>. Zudem werde ich auch f\u00fcr <strong><a href=\"https:\/\/zapfenstreiche.de\/wp-content\/uploads\/ZS_Event_Portfolio_2025_web.pdf\" target=\"_blank\" rel=\"noreferrer noopener\">EVENTS<\/a><\/strong> als <strong>Live-Zeichner<\/strong> gebucht, um schnelle <strong>Portraits<\/strong> oder die <strong>Wandgestaltung<\/strong> f\u00fcr eine Ausstellung oder ein Lokal anzufertigen.<br><br>Neben meiner Hauptt\u00e4tigkeit als Illustrator bin ich Dozent f\u00fcr Illustrationskurse und Zeichenworkshops an diversen Schulen. Einblicke in meine Lehrt\u00e4tigkeit gibt es unter dem Men\u00fcpunkt <strong><a href=\"https:\/\/zapfenstreiche.de\/index.php\/category\/lehre\/\" target=\"_blank\" rel=\"noreferrer noopener\">LEHRE<\/a><\/strong><br><br>Zu guter Letzt treibe ich <strong>freie Projekte<\/strong> voran, die meiner k\u00fcnstlerischen Entfaltung (und Weiterbildung) dienen. Neben Projekten, wie dem RATZEFUMMEL-Magazin in Kooperation mit einigen Illustrationskolleg*innen, oder der ehrenamtlichen Arbeit f\u00fcr das <a href=\"http:\/\/illustratoren-festival.de\/\" target=\"_blank\" rel=\"noreferrer noopener\"><strong>Illustratorenfestival<\/strong><\/a> in K\u00f6ln, widme ich mich seit 2021 als Grafiker und K\u00fcnstler f\u00fcr homosexuelle Themen unter dem K\u00fcnstlernamen <a href=\"https:\/\/www.instagram.com\/zapfenstricher\/\" target=\"_blank\" rel=\"noreferrer noopener\"><strong>ZAPFENSTRICHER<\/strong><\/a><\/p>\n","protected":false},"excerpt":{"rendered":"<p>Hi. Ich bin Michael Szyszka, freiberuflicher Illustrator mit Schwerpunkt in den Bereichen EDITORIAL, CORPORATE und EVENT-Zeichnen sowie DOZENT f\u00fcr Zeichnung und Illustration. Seit 2015 lebe und arbeite ich in K\u00f6ln. Mein Stil ist eine Kombination aus analogen Zeichnungen und digitaler Nachbearbeitung. Die meisten Elemente entstehen auf Papier und werden f\u00fcr die digitale Koloration und Komposition gescannt. Ich zeichne \u00fcberwiegend mit Bleistift, Bunt- und Filzstiften. Die Zeichnungen kombiniere ich gern mit&#8230;<\/p>\n","protected":false},"author":1,"featured_media":0,"parent":0,"menu_order":0,"comment_status":"closed","ping_status":"closed","template":"template-fullwidth.php","meta":{"_seopress_robots_primary_cat":"","_seopress_titles_title":"","_seopress_titles_desc":"","_seopress_robots_index":"","footnotes":""},"class_list":["post-49","page","type-page","status-publish","hentry"],"acf":[],"_links":{"self":[{"href":"https:\/\/zapfenstreiche.de\/index.php\/wp-json\/wp\/v2\/pages\/49"}],"collection":[{"href":"https:\/\/zapfenstreiche.de\/index.php\/wp-json\/wp\/v2\/pages"}],"about":[{"href":"https:\/\/zapfenstreiche.de\/index.php\/wp-json\/wp\/v2\/types\/page"}],"author":[{"embeddable":true,"href":"https:\/\/zapfenstreiche.de\/index.php\/wp-json\/wp\/v2\/users\/1"}],"replies":[{"embeddable":true,"href":"https:\/\/zapfenstreiche.de\/index.php\/wp-json\/wp\/v2\/comments?post=49"}],"version-history":[{"count":27,"href":"https:\/\/zapfenstreiche.de\/index.php\/wp-json\/wp\/v2\/pages\/49\/revisions"}],"predecessor-version":[{"id":4231,"href":"https:\/\/zapfenstreiche.de\/index.php\/wp-json\/wp\/v2\/pages\/49\/revisions\/4231"}],"wp:attachment":[{"href":"https:\/\/zapfenstreiche.de\/index.php\/wp-json\/wp\/v2\/media?parent=49"}],"curies":[{"name":"wp","href":"https:\/\/api.w.org\/{rel}","templated":true}]}}